{"id":167,"date":"2023-11-13T02:32:44","date_gmt":"2023-11-13T02:32:44","guid":{"rendered":"https:\/\/jesuselmesias.net\/?page_id=167"},"modified":"2023-11-13T04:08:24","modified_gmt":"2023-11-13T04:08:24","slug":"promesas","status":"publish","type":"page","link":"https:\/\/jesuselmesias.net\/index.php\/promesas\/","title":{"rendered":"Promesas"},"content":{"rendered":"\n<h2 class=\"wp-block-heading has-vivid-cyan-blue-to-vivid-purple-gradient-background has-background\" id=\"h-jes-s-promete\"><strong>JES\u00daS PROMETE\u2026<\/strong><\/h2>\n\n\n\n<h4 class=\"wp-block-heading has-vivid-cyan-blue-to-vivid-purple-gradient-background has-background\" id=\"h-darte-descanso\"><strong>Darte descanso<\/strong><\/h4>\n\n\n\n<blockquote class=\"wp-block-quote is-layout-flow wp-block-quote-is-layout-flow\">\n<p class=\"has-white-color has-vivid-cyan-blue-to-vivid-purple-gradient-background has-text-color has-background has-link-color wp-elements-67eb21c607431c8efaf3b5451ced8787\">Luego dijo Jes\u00fas:&nbsp;\u00abVenid a m\u00ed todos los que est\u00e1is trabajados y cargados, y yo os har\u00e9 descansar.\u00bb<a href=\"https:\/\/cvclavoz.com\/te-ayudamos\/devocionales\/mas-que-una-ofrenda\/\">.<\/a>Mateo 11:28 (RVR1960)<\/p>\n<\/blockquote>\n\n\n\n<p class=\"has-white-color has-vivid-cyan-blue-to-vivid-purple-gradient-background has-text-color has-background has-link-color wp-elements-73340bc933e72533e409b473344aed01\">Vivimos en una \u00e9poca en donde el estr\u00e9s es uno de los problemas que m\u00e1s aquejan a la poblaci\u00f3n; pero hace miles de a\u00f1os que Jes\u00fas ya hab\u00eda prometido darnos descanso. \u00c9l nos dijo que podemos acudir a sus brazos en cualquier momento, porque all\u00ed encontraremos el consuelo que necesitamos<a href=\"https:\/\/cvclavoz.com\/te-ayudamos\/devocionales\/el-ingrediente-mas-importante\/\">.<\/a><\/p>\n\n\n\n<h4 class=\"wp-block-heading has-vivid-cyan-blue-to-vivid-purple-gradient-background has-background\" id=\"h-nunca-rechazarte\"><strong>Nunca rechazarte<\/strong><\/h4>\n\n\n\n<blockquote class=\"wp-block-quote is-layout-flow wp-block-quote-is-layout-flow\">\n<p class=\"has-white-color has-vivid-cyan-blue-to-vivid-purple-gradient-background has-text-color has-background has-link-color wp-elements-8dc3d032f7bda2261b4bbb333a26e8ea\">Todo lo que el Padre me da, vendr\u00e1 a m\u00ed; y al que a m\u00ed viene, no le echo fuera<a href=\"https:\/\/cvclavoz.com\/te-ayudamos\/devocionales\/contra-todo-pronostico\/\">.<\/a>Juan 6:37 (RVR1960)<\/p>\n<\/blockquote>\n\n\n\n<p class=\"has-white-color has-vivid-cyan-blue-to-vivid-purple-gradient-background has-text-color has-background has-link-color wp-elements-e0e9bb186194a1c781593c5d1194611b\">Dios es amor y jam\u00e1s abandona a sus hijos; pero en esta promesa en particular, Jes\u00fas promete no rechazarnos, por m\u00e1s que hayamos pecado contra \u00c9l o creamos que no somos dignos que ser&nbsp;<a href=\"https:\/\/www.youtube.com\/user\/Yesheisespanol\" target=\"_blank\" rel=\"noreferrer noopener\">aceptados<\/a>. La consigna es que primero debemos ir hacia \u00c9l y tener ese deseo de querer estar en su compa\u00f1\u00eda<a href=\"https:\/\/cvclavoz.com\/te-ayudamos\/devocionales\/escoge-vivir\/\">.<\/a><\/p>\n\n\n\n<h4 class=\"wp-block-heading has-vivid-cyan-blue-to-vivid-purple-gradient-background has-background\" id=\"h-darte-al-esp-ritu-santo\"><strong>Darte al Esp\u00edritu Santo<\/strong><\/h4>\n\n\n\n<blockquote class=\"wp-block-quote is-layout-flow wp-block-quote-is-layout-flow\">\n<p class=\"has-white-color has-vivid-cyan-blue-to-vivid-purple-gradient-background has-text-color has-background has-link-color wp-elements-55bebdb2a885c79548188f2e0e4c322b\">Y yo rogar\u00e9 al Padre, y os dar\u00e1 otro Consolador, para que est\u00e9 con vosotros para siempre<a href=\"https:\/\/cvclavoz.com\/te-ayudamos\/devocionales\/sigue-insistiendo-e-intercediendo\/\">.<\/a>Juan 14:16 (RVR1960)<\/p>\n<\/blockquote>\n\n\n\n<p class=\"has-white-color has-vivid-cyan-blue-to-vivid-purple-gradient-background has-text-color has-background has-link-color wp-elements-04251fdc48c3f7e73b464c1a577371b7\">Una promesa que Jes\u00fas ya cumpli\u00f3 es la de enviar al Esp\u00edritu Santo, quien es un consolador, abogado y cumple otras&nbsp;<a href=\"https:\/\/cvclavoz.com\/blog\/inspiracional\/estas-son-las-23-funciones-del-espiritu-santo\/\">funciones<\/a>&nbsp;que nos ayudan a crecer en nuestra relaci\u00f3n con Dios<a href=\"https:\/\/cvclavoz.com\/te-ayudamos\/devocionales\/al-descubierto\/\">.<\/a><\/p>\n\n\n\n<p class=\"has-white-color has-vivid-cyan-blue-to-vivid-purple-gradient-background has-text-color has-background has-link-color wp-elements-41571014e97708bb7be719e750f1a150\">El Esp\u00edritu Santo es un regalo para todo aquel que acepta a Jes\u00fas en su coraz\u00f3n. Si ya lo tienes en tu vida, puedes contar con su apoyo para recibir direcci\u00f3n de Dios<a href=\"https:\/\/cvclavoz.com\/te-ayudamos\/devocionales\/sabes-distinguir-el-tiempo\/\">.<\/a><\/p>\n\n\n\n<h4 class=\"wp-block-heading has-vivid-cyan-blue-to-vivid-purple-gradient-background has-background\" id=\"h-prepararte-un-hogar-eterno\"><strong>Prepararte un hogar eterno<\/strong><\/h4>\n\n\n\n<blockquote class=\"wp-block-quote is-layout-flow wp-block-quote-is-layout-flow\">\n<p class=\"has-white-color has-vivid-cyan-blue-to-vivid-purple-gradient-background has-text-color has-background has-link-color wp-elements-93044c6ebc59e9a341beca4e9fb41f1f\">En la casa de mi Padre muchas moradas hay; si as\u00ed no fuera, yo os lo hubiera dicho; voy, pues, a preparar lugar para vosotros.<br>Y si me fuere y os preparare lugar, vendr\u00e9 otra vez, y os tomar\u00e9 a m\u00ed mismo, para que donde yo estoy, vosotros tambi\u00e9n est\u00e9is.<a href=\"https:\/\/cvclavoz.com\/te-ayudamos\/devocionales\/obedeciendo-por-amor\/\">.<\/a>Juan 14:2-3 (RVR1960)<\/p>\n<\/blockquote>\n\n\n\n<p class=\"has-white-color has-vivid-cyan-blue-to-vivid-purple-gradient-background has-text-color has-background has-link-color wp-elements-d363cfff5cab5059b9d3144dc378518f\">Cuando la vida se pone&nbsp;<a href=\"https:\/\/cvclavoz.com\/blog\/estilo-de-vida\/como-lidiar-con-el-rechazo\/\">dif\u00edcil<\/a>&nbsp;y creemos que no hay salida, debemos recordar que nuestro destino final est\u00e1 en la Eternidad. Con esto en mente tenemos que tomar decisiones que afecten nuestro destino final y no el terrenal<a href=\"https:\/\/cvclavoz.com\/te-ayudamos\/devocionales\/aun-puedes-sonar\/\">.<\/a><\/p>\n\n\n\n<p class=\"has-white-color has-vivid-cyan-blue-to-vivid-purple-gradient-background has-text-color has-background has-link-color wp-elements-65879db8c61a92661f6bbf3c8698651c\">En la Biblia, Jes\u00fas nos dijo que est\u00e1 preparando un lugar especial para nosotros y que alg\u00fan d\u00eda estaremos con \u00c9l. Esa promesa nos da esperanza y tranquilidad porque nos dice que no hay problema tan grande que Jes\u00fas no pueda solucionar<a href=\"https:\/\/cvclavoz.com\/te-ayudamos\/devocionales\/lo-descabellado-de-creer\/\">.<\/a><\/p>\n\n\n\n<h4 class=\"wp-block-heading has-vivid-cyan-blue-to-vivid-purple-gradient-background has-background\" id=\"h-darte-su-paz\"><strong>Darte su paz<\/strong><\/h4>\n\n\n\n<blockquote class=\"wp-block-quote is-layout-flow wp-block-quote-is-layout-flow\">\n<p class=\"has-white-color has-vivid-cyan-blue-to-vivid-purple-gradient-background has-text-color has-background has-link-color wp-elements-80824e941783a34c45896d77b4101351\">La paz os dejo, mi paz os doy; yo no os la doy como el mundo la da. No se turbe vuestro coraz\u00f3n, ni tenga miedo<a href=\"https:\/\/cvclavoz.com\/te-ayudamos\/devocionales\/mi-confianza\/\">.<\/a>Juan 14:27 (RVR1960)<\/p>\n<\/blockquote>\n\n\n\n<p class=\"has-white-color has-vivid-cyan-blue-to-vivid-purple-gradient-background has-text-color has-background has-link-color wp-elements-6abd9aa0a11511889f7fa2c117274f0f\">Otra promesa que Jes\u00fas ya cumpli\u00f3 es darnos Su paz. Esta paz no es un sentimiento temporal, sino una&nbsp;<a href=\"https:\/\/cvclavoz.com\/blog\/inspiracional\/por-que-es-importante-que-tengas-un-proposito-en-la-vida\/\">esperanza<\/a>&nbsp;para el presente y el futuro. Para adquirirla solo tenemos que pedirla en oraci\u00f3n y a trav\u00e9s de la lectura de la Palabra de Dios<a href=\"https:\/\/cvclavoz.com\/te-ayudamos\/devocionales\/hablaste-hoy-con-el\/\">.<\/a><\/p>\n\n\n\n<audio controls autoplay>\n  <source src=\"https:\/\/jesuselmesias.net\/orar\/Melodias1.mp3\" type=\"audio\/mpeg\">\n<\/audio>\n","protected":false},"excerpt":{"rendered":"<p>JES\u00daS PROMETE\u2026 Darte descanso Luego dijo Jes\u00fas:&nbsp;\u00abVenid a m\u00ed todos los que est\u00e1is trabajados y cargados, y yo os har\u00e9 descansar.\u00bb.Mateo 11:28 (RVR1960) Vivimos en una \u00e9poca en donde el estr\u00e9s es uno de los problemas que m\u00e1s aquejan a la poblaci\u00f3n; pero hace miles de a\u00f1os que Jes\u00fas ya hab\u00eda prometido darnos descanso. \u00c9l [&hellip;]<\/p>\n","protected":false},"author":1,"featured_media":0,"parent":0,"menu_order":0,"comment_status":"closed","ping_status":"closed","template":"","meta":{"footnotes":""},"_links":{"self":[{"href":"https:\/\/jesuselmesias.net\/index.php\/wp-json\/wp\/v2\/pages\/167"}],"collection":[{"href":"https:\/\/jesuselmesias.net\/index.php\/wp-json\/wp\/v2\/pages"}],"about":[{"href":"https:\/\/jesuselmesias.net\/index.php\/wp-json\/wp\/v2\/types\/page"}],"author":[{"embeddable":true,"href":"https:\/\/jesuselmesias.net\/index.php\/wp-json\/wp\/v2\/users\/1"}],"replies":[{"embeddable":true,"href":"https:\/\/jesuselmesias.net\/index.php\/wp-json\/wp\/v2\/comments?post=167"}],"version-history":[{"count":4,"href":"https:\/\/jesuselmesias.net\/index.php\/wp-json\/wp\/v2\/pages\/167\/revisions"}],"predecessor-version":[{"id":200,"href":"https:\/\/jesuselmesias.net\/index.php\/wp-json\/wp\/v2\/pages\/167\/revisions\/200"}],"wp:attachment":[{"href":"https:\/\/jesuselmesias.net\/index.php\/wp-json\/wp\/v2\/media?parent=167"}],"curies":[{"name":"wp","href":"https:\/\/api.w.org\/{rel}","templated":true}]}}